{"id":5347,"date":"2020-08-08T09:13:44","date_gmt":"2020-08-08T07:13:44","guid":{"rendered":"https:\/\/www.pluschkovits.at\/shop\/uncategorized\/gruener-veltliner-rule-times-2020\/"},"modified":"2024-09-16T09:56:26","modified_gmt":"2024-09-16T07:56:26","slug":"gruener-veltliner-herrschaftszeiten","status":"publish","type":"product","link":"https:\/\/www.pluschkovits.at\/en\/shop\/white-wine\/gruener-veltliner-herrschaftszeiten\/","title":{"rendered":"Gr\u00fcner Veltliner Herrschaftszeiten 2023"},"content":{"rendered":"<p>Our Gr\u00fcner Veltliner Herrschaftszeiten comes from the vineyards around the Pfefferb\u00fcchsel. The vines are up to 35 years old and grow on sandy loam with a high lime content in the soil. The grapes are selected with the greatest care, harvested and gently processed into what the connoisseur then finds in the bottle: a fruity-peppery-spicy play on the palate with animating acidity. In order to preserve the fruitiness, the GV Herrschaftszeiten is spontaneously fermented in steel tanks and stored on the fine lees for six months. This aging wine is perfectly able to reflect the region and the distinctive touch of the Pluschkovits winery.<\/p>\n","protected":false},"excerpt":{"rendered":"<p><em>Preis je 0,75l Bouteille (inkl. 13% USt.) zzgl. <a href=\"https:\/\/www.pluschkovits.at\/versandkosten\/\">Versandkosten<\/a><\/em><strong>Qualit\u00e4tswein, trocken, Jahrgang 2021<\/strong> Alkohol: 13,0 Vol.-% Ausbau: Stahltank<\/p>\n","protected":false},"featured_media":5171,"comment_status":"closed","ping_status":"closed","template":"","meta":{"_et_pb_use_builder":"off","_et_pb_old_content":"Our Gr\u00fcner Veltliner Herrschaftszeiten comes from the vineyards around the Pfefferb\u00fcchsel. The vines are up to 35 years old and grow on sandy loam with a high lime content in the soil. The grapes are selected with the greatest care, harvested and gently processed into what the connoisseur then finds in the bottle: a fruity-peppery-spicy play on the palate with animating acidity. In order to preserve the fruitiness, the GV Herrschaftszeiten is spontaneously fermented in steel tanks and stored on the fine lees for six months. This aging wine is perfectly able to reflect the region and the distinctive touch of the Pluschkovits winery.","_et_gb_content_width":""},"product_brand":[],"product_cat":[56],"product_tag":[54],"class_list":{"0":"post-5347","1":"product","2":"type-product","3":"status-publish","4":"has-post-thumbnail","6":"product_cat-white-wine","7":"product_tag-dry","8":"product_shipping_class-0-75l-bottles-individually","10":"first","11":"instock","12":"featured","13":"shipping-taxable","14":"purchasable","15":"product-type-simple"},"yoast_head":"<!-- This site is optimized with the Yoast SEO plugin v27.5 - https:\/\/yoast.com\/product\/yoast-seo-wordpress\/ -->\n<title>Gr\u00fcner Veltliner Herrschaftszeiten 2023 - Weingut Pluschkovits<\/title>\n<meta name=\"description\" content=\"Visit the Weingut Pluschkovits online shop now and buy the Gr\u00fcner Veltliner Herrschaftszeiten 2023 quality wine directly from the winery in Burgenland.\" \/>\n<meta name=\"robots\" content=\"index, follow, max-snippet:-1, max-image-preview:large, max-video-preview:-1\" \/>\n<link rel=\"canonical\" href=\"https:\/\/www.pluschkovits.at\/en\/shop\/white-wine\/gruener-veltliner-herrschaftszeiten\/\" \/>\n<meta property=\"og:locale\" content=\"en_US\" \/>\n<meta property=\"og:type\" content=\"article\" \/>\n<meta property=\"og:title\" content=\"Gr\u00fcner Veltliner Herrschaftszeiten 2023 - Weingut Pluschkovits\" \/>\n<meta property=\"og:description\" content=\"Visit the Weingut Pluschkovits online shop now and buy the Gr\u00fcner Veltliner Herrschaftszeiten 2023 quality wine directly from the winery in Burgenland.\" \/>\n<meta property=\"og:url\" content=\"https:\/\/www.pluschkovits.at\/en\/shop\/white-wine\/gruener-veltliner-herrschaftszeiten\/\" \/>\n<meta property=\"og:site_name\" content=\"Weingut Pluschkovits\" \/>\n<meta property=\"article:publisher\" content=\"https:\/\/www.facebook.com\/Pluschkovits\/\" \/>\n<meta property=\"article:modified_time\" content=\"2024-09-16T07:56:26+00:00\" \/>\n<meta property=\"og:image\" content=\"https:\/\/www.pluschkovits.at\/wp-content\/uploads\/2020\/08\/shop_gv-herrschaftszeiten_1200x1200.png\" \/>\n\t<meta property=\"og:image:width\" content=\"1200\" \/>\n\t<meta property=\"og:image:height\" content=\"1200\" \/>\n\t<meta property=\"og:image:type\" content=\"image\/png\" \/>\n<meta name=\"twitter:card\" content=\"summary_large_image\" \/>\n<meta name=\"twitter:label1\" content=\"Est. reading time\" \/>\n\t<meta name=\"twitter:data1\" content=\"1 minute\" \/>\n<script type=\"application\/ld+json\" class=\"yoast-schema-graph\">{\"@context\":\"https:\\\/\\\/schema.org\",\"@graph\":[{\"@type\":\"WebPage\",\"@id\":\"https:\\\/\\\/www.pluschkovits.at\\\/en\\\/shop\\\/white-wine\\\/gruener-veltliner-herrschaftszeiten\\\/\",\"url\":\"https:\\\/\\\/www.pluschkovits.at\\\/en\\\/shop\\\/white-wine\\\/gruener-veltliner-herrschaftszeiten\\\/\",\"name\":\"Gr\u00fcner Veltliner Herrschaftszeiten 2023 - Weingut Pluschkovits\",\"isPartOf\":{\"@id\":\"https:\\\/\\\/www.pluschkovits.at\\\/en\\\/#website\"},\"primaryImageOfPage\":{\"@id\":\"https:\\\/\\\/www.pluschkovits.at\\\/en\\\/shop\\\/white-wine\\\/gruener-veltliner-herrschaftszeiten\\\/#primaryimage\"},\"image\":{\"@id\":\"https:\\\/\\\/www.pluschkovits.at\\\/en\\\/shop\\\/white-wine\\\/gruener-veltliner-herrschaftszeiten\\\/#primaryimage\"},\"thumbnailUrl\":\"https:\\\/\\\/www.pluschkovits.at\\\/wp-content\\\/uploads\\\/2020\\\/08\\\/shop_gv-herrschaftszeiten_1200x1200.png\",\"datePublished\":\"2020-08-08T07:13:44+00:00\",\"dateModified\":\"2024-09-16T07:56:26+00:00\",\"description\":\"Visit the Weingut Pluschkovits online shop now and buy the Gr\u00fcner Veltliner Herrschaftszeiten 2023 quality wine directly from the winery in Burgenland.\",\"breadcrumb\":{\"@id\":\"https:\\\/\\\/www.pluschkovits.at\\\/en\\\/shop\\\/white-wine\\\/gruener-veltliner-herrschaftszeiten\\\/#breadcrumb\"},\"inLanguage\":\"en-US\",\"potentialAction\":[{\"@type\":\"ReadAction\",\"target\":[\"https:\\\/\\\/www.pluschkovits.at\\\/en\\\/shop\\\/white-wine\\\/gruener-veltliner-herrschaftszeiten\\\/\"]}]},{\"@type\":\"ImageObject\",\"inLanguage\":\"en-US\",\"@id\":\"https:\\\/\\\/www.pluschkovits.at\\\/en\\\/shop\\\/white-wine\\\/gruener-veltliner-herrschaftszeiten\\\/#primaryimage\",\"url\":\"https:\\\/\\\/www.pluschkovits.at\\\/wp-content\\\/uploads\\\/2020\\\/08\\\/shop_gv-herrschaftszeiten_1200x1200.png\",\"contentUrl\":\"https:\\\/\\\/www.pluschkovits.at\\\/wp-content\\\/uploads\\\/2020\\\/08\\\/shop_gv-herrschaftszeiten_1200x1200.png\",\"width\":1200,\"height\":1200},{\"@type\":\"BreadcrumbList\",\"@id\":\"https:\\\/\\\/www.pluschkovits.at\\\/en\\\/shop\\\/white-wine\\\/gruener-veltliner-herrschaftszeiten\\\/#breadcrumb\",\"itemListElement\":[{\"@type\":\"ListItem\",\"position\":1,\"name\":\"Startseite\",\"item\":\"https:\\\/\\\/www.pluschkovits.at\\\/en\\\/home\\\/\"},{\"@type\":\"ListItem\",\"position\":2,\"name\":\"Shop\",\"item\":\"https:\\\/\\\/www.pluschkovits.at\\\/en\\\/shop-2\\\/\"},{\"@type\":\"ListItem\",\"position\":3,\"name\":\"Gr\u00fcner Veltliner Herrschaftszeiten 2023\"}]},{\"@type\":\"WebSite\",\"@id\":\"https:\\\/\\\/www.pluschkovits.at\\\/en\\\/#website\",\"url\":\"https:\\\/\\\/www.pluschkovits.at\\\/en\\\/\",\"name\":\"Weingut Pluschkovits\",\"description\":\"Leithaprodersdorf - Leithaberg - Burgenland - \u00d6sterreich\",\"publisher\":{\"@id\":\"https:\\\/\\\/www.pluschkovits.at\\\/en\\\/#organization\"},\"potentialAction\":[{\"@type\":\"SearchAction\",\"target\":{\"@type\":\"EntryPoint\",\"urlTemplate\":\"https:\\\/\\\/www.pluschkovits.at\\\/en\\\/?s={search_term_string}\"},\"query-input\":{\"@type\":\"PropertyValueSpecification\",\"valueRequired\":true,\"valueName\":\"search_term_string\"}}],\"inLanguage\":\"en-US\"},{\"@type\":\"Organization\",\"@id\":\"https:\\\/\\\/www.pluschkovits.at\\\/en\\\/#organization\",\"name\":\"Weingut Pluschkovits\",\"url\":\"https:\\\/\\\/www.pluschkovits.at\\\/en\\\/\",\"logo\":{\"@type\":\"ImageObject\",\"inLanguage\":\"en-US\",\"@id\":\"https:\\\/\\\/www.pluschkovits.at\\\/en\\\/#\\\/schema\\\/logo\\\/image\\\/\",\"url\":\"https:\\\/\\\/www.pluschkovits.at\\\/wp-content\\\/uploads\\\/2020\\\/02\\\/Logo_WGPluschkovits.png\",\"contentUrl\":\"https:\\\/\\\/www.pluschkovits.at\\\/wp-content\\\/uploads\\\/2020\\\/02\\\/Logo_WGPluschkovits.png\",\"width\":410,\"height\":289,\"caption\":\"Weingut Pluschkovits\"},\"image\":{\"@id\":\"https:\\\/\\\/www.pluschkovits.at\\\/en\\\/#\\\/schema\\\/logo\\\/image\\\/\"},\"sameAs\":[\"https:\\\/\\\/www.facebook.com\\\/Pluschkovits\\\/\",\"https:\\\/\\\/www.instagram.com\\\/weingut_pluschkovits\\\/\"]}]}<\/script>\n<!-- \/ Yoast SEO plugin. -->","yoast_head_json":{"title":"Gr\u00fcner Veltliner Herrschaftszeiten 2023 - Weingut Pluschkovits","description":"Visit the Weingut Pluschkovits online shop now and buy the Gr\u00fcner Veltliner Herrschaftszeiten 2023 quality wine directly from the winery in Burgenland.","robots":{"index":"index","follow":"follow","max-snippet":"max-snippet:-1","max-image-preview":"max-image-preview:large","max-video-preview":"max-video-preview:-1"},"canonical":"https:\/\/www.pluschkovits.at\/en\/shop\/white-wine\/gruener-veltliner-herrschaftszeiten\/","og_locale":"en_US","og_type":"article","og_title":"Gr\u00fcner Veltliner Herrschaftszeiten 2023 - Weingut Pluschkovits","og_description":"Visit the Weingut Pluschkovits online shop now and buy the Gr\u00fcner Veltliner Herrschaftszeiten 2023 quality wine directly from the winery in Burgenland.","og_url":"https:\/\/www.pluschkovits.at\/en\/shop\/white-wine\/gruener-veltliner-herrschaftszeiten\/","og_site_name":"Weingut Pluschkovits","article_publisher":"https:\/\/www.facebook.com\/Pluschkovits\/","article_modified_time":"2024-09-16T07:56:26+00:00","og_image":[{"width":1200,"height":1200,"url":"https:\/\/www.pluschkovits.at\/wp-content\/uploads\/2020\/08\/shop_gv-herrschaftszeiten_1200x1200.png","type":"image\/png"}],"twitter_card":"summary_large_image","twitter_misc":{"Est. reading time":"1 minute"},"schema":{"@context":"https:\/\/schema.org","@graph":[{"@type":"WebPage","@id":"https:\/\/www.pluschkovits.at\/en\/shop\/white-wine\/gruener-veltliner-herrschaftszeiten\/","url":"https:\/\/www.pluschkovits.at\/en\/shop\/white-wine\/gruener-veltliner-herrschaftszeiten\/","name":"Gr\u00fcner Veltliner Herrschaftszeiten 2023 - Weingut Pluschkovits","isPartOf":{"@id":"https:\/\/www.pluschkovits.at\/en\/#website"},"primaryImageOfPage":{"@id":"https:\/\/www.pluschkovits.at\/en\/shop\/white-wine\/gruener-veltliner-herrschaftszeiten\/#primaryimage"},"image":{"@id":"https:\/\/www.pluschkovits.at\/en\/shop\/white-wine\/gruener-veltliner-herrschaftszeiten\/#primaryimage"},"thumbnailUrl":"https:\/\/www.pluschkovits.at\/wp-content\/uploads\/2020\/08\/shop_gv-herrschaftszeiten_1200x1200.png","datePublished":"2020-08-08T07:13:44+00:00","dateModified":"2024-09-16T07:56:26+00:00","description":"Visit the Weingut Pluschkovits online shop now and buy the Gr\u00fcner Veltliner Herrschaftszeiten 2023 quality wine directly from the winery in Burgenland.","breadcrumb":{"@id":"https:\/\/www.pluschkovits.at\/en\/shop\/white-wine\/gruener-veltliner-herrschaftszeiten\/#breadcrumb"},"inLanguage":"en-US","potentialAction":[{"@type":"ReadAction","target":["https:\/\/www.pluschkovits.at\/en\/shop\/white-wine\/gruener-veltliner-herrschaftszeiten\/"]}]},{"@type":"ImageObject","inLanguage":"en-US","@id":"https:\/\/www.pluschkovits.at\/en\/shop\/white-wine\/gruener-veltliner-herrschaftszeiten\/#primaryimage","url":"https:\/\/www.pluschkovits.at\/wp-content\/uploads\/2020\/08\/shop_gv-herrschaftszeiten_1200x1200.png","contentUrl":"https:\/\/www.pluschkovits.at\/wp-content\/uploads\/2020\/08\/shop_gv-herrschaftszeiten_1200x1200.png","width":1200,"height":1200},{"@type":"BreadcrumbList","@id":"https:\/\/www.pluschkovits.at\/en\/shop\/white-wine\/gruener-veltliner-herrschaftszeiten\/#breadcrumb","itemListElement":[{"@type":"ListItem","position":1,"name":"Startseite","item":"https:\/\/www.pluschkovits.at\/en\/home\/"},{"@type":"ListItem","position":2,"name":"Shop","item":"https:\/\/www.pluschkovits.at\/en\/shop-2\/"},{"@type":"ListItem","position":3,"name":"Gr\u00fcner Veltliner Herrschaftszeiten 2023"}]},{"@type":"WebSite","@id":"https:\/\/www.pluschkovits.at\/en\/#website","url":"https:\/\/www.pluschkovits.at\/en\/","name":"Weingut Pluschkovits","description":"Leithaprodersdorf - Leithaberg - Burgenland - \u00d6sterreich","publisher":{"@id":"https:\/\/www.pluschkovits.at\/en\/#organization"},"potentialAction":[{"@type":"SearchAction","target":{"@type":"EntryPoint","urlTemplate":"https:\/\/www.pluschkovits.at\/en\/?s={search_term_string}"},"query-input":{"@type":"PropertyValueSpecification","valueRequired":true,"valueName":"search_term_string"}}],"inLanguage":"en-US"},{"@type":"Organization","@id":"https:\/\/www.pluschkovits.at\/en\/#organization","name":"Weingut Pluschkovits","url":"https:\/\/www.pluschkovits.at\/en\/","logo":{"@type":"ImageObject","inLanguage":"en-US","@id":"https:\/\/www.pluschkovits.at\/en\/#\/schema\/logo\/image\/","url":"https:\/\/www.pluschkovits.at\/wp-content\/uploads\/2020\/02\/Logo_WGPluschkovits.png","contentUrl":"https:\/\/www.pluschkovits.at\/wp-content\/uploads\/2020\/02\/Logo_WGPluschkovits.png","width":410,"height":289,"caption":"Weingut Pluschkovits"},"image":{"@id":"https:\/\/www.pluschkovits.at\/en\/#\/schema\/logo\/image\/"},"sameAs":["https:\/\/www.facebook.com\/Pluschkovits\/","https:\/\/www.instagram.com\/weingut_pluschkovits\/"]}]}},"_links":{"self":[{"href":"https:\/\/www.pluschkovits.at\/en\/wp-json\/wp\/v2\/product\/5347","targetHints":{"allow":["GET"]}}],"collection":[{"href":"https:\/\/www.pluschkovits.at\/en\/wp-json\/wp\/v2\/product"}],"about":[{"href":"https:\/\/www.pluschkovits.at\/en\/wp-json\/wp\/v2\/types\/product"}],"replies":[{"embeddable":true,"href":"https:\/\/www.pluschkovits.at\/en\/wp-json\/wp\/v2\/comments?post=5347"}],"wp:featuredmedia":[{"embeddable":true,"href":"https:\/\/www.pluschkovits.at\/en\/wp-json\/wp\/v2\/media\/5171"}],"wp:attachment":[{"href":"https:\/\/www.pluschkovits.at\/en\/wp-json\/wp\/v2\/media?parent=5347"}],"wp:term":[{"taxonomy":"product_brand","embeddable":true,"href":"https:\/\/www.pluschkovits.at\/en\/wp-json\/wp\/v2\/product_brand?post=5347"},{"taxonomy":"product_cat","embeddable":true,"href":"https:\/\/www.pluschkovits.at\/en\/wp-json\/wp\/v2\/product_cat?post=5347"},{"taxonomy":"product_tag","embeddable":true,"href":"https:\/\/www.pluschkovits.at\/en\/wp-json\/wp\/v2\/product_tag?post=5347"}],"curies":[{"name":"wp","href":"https:\/\/api.w.org\/{rel}","templated":true}]}}