{"id":5331,"date":"2020-04-26T19:50:56","date_gmt":"2020-04-26T17:50:56","guid":{"rendered":"https:\/\/www.pluschkovits.at\/shop\/uncategorized\/pinot-blanc-ried-fuchsenbuehel-2020\/"},"modified":"2024-09-17T10:04:07","modified_gmt":"2024-09-17T08:04:07","slug":"weissburgunder-ried-fuchsenbuehel","status":"publish","type":"product","link":"https:\/\/www.pluschkovits.at\/en\/shop\/white-wine\/weissburgunder-ried-fuchsenbuehel\/","title":{"rendered":"Wei\u00dfburgunder Ried Fuchsenb\u00fchel 2022"},"content":{"rendered":"","protected":false},"excerpt":{"rendered":"<p><em>Price per 0.75l Bouteille (incl. 20% VAT) plus <a href=\"https:\/\/www.pluschkovits.at\/versandkosten\/\">Shipping<\/a><\/em><\/p>\n<p><strong>Quality wine, dry, vintage 2021<\/strong><br \/>\nAlcohol: 14.0% by volume<\/p>\n","protected":false},"featured_media":5169,"comment_status":"closed","ping_status":"closed","template":"","meta":{"_et_pb_use_builder":"off","_et_pb_old_content":"","_et_gb_content_width":""},"product_brand":[],"product_cat":[56],"product_tag":[54],"class_list":{"0":"post-5331","1":"product","2":"type-product","3":"status-publish","4":"has-post-thumbnail","6":"product_cat-white-wine","7":"product_tag-dry","8":"product_shipping_class-0-75l-bottles-individually","10":"first","11":"instock","12":"shipping-taxable","13":"purchasable","14":"product-type-simple"},"yoast_head":"<!-- This site is optimized with the Yoast SEO plugin v27.2 - https:\/\/yoast.com\/product\/yoast-seo-wordpress\/ -->\n<title>Wei\u00dfburgunder Ried Fuchsenb\u00fchel 2022 - Weingut Pluschkovits<\/title>\n<meta name=\"description\" content=\"Visit the Weingut Pluschkovits online shop now and buy the Wei\u00dfburgunder Ried Fuchsenb\u00fchel 2022 quality wine directly from the winery in Burgenland.\" \/>\n<meta name=\"robots\" content=\"index, follow, max-snippet:-1, max-image-preview:large, max-video-preview:-1\" \/>\n<link rel=\"canonical\" href=\"https:\/\/www.pluschkovits.at\/en\/shop\/white-wine\/weissburgunder-ried-fuchsenbuehel\/\" \/>\n<meta property=\"og:locale\" content=\"en_US\" \/>\n<meta property=\"og:type\" content=\"article\" \/>\n<meta property=\"og:title\" content=\"Wei\u00dfburgunder Ried Fuchsenb\u00fchel 2022 - Weingut Pluschkovits\" \/>\n<meta property=\"og:description\" content=\"Visit the Weingut Pluschkovits online shop now and buy the Wei\u00dfburgunder Ried Fuchsenb\u00fchel 2022 quality wine directly from the winery in Burgenland.\" \/>\n<meta property=\"og:url\" content=\"https:\/\/www.pluschkovits.at\/en\/shop\/white-wine\/weissburgunder-ried-fuchsenbuehel\/\" \/>\n<meta property=\"og:site_name\" content=\"Weingut Pluschkovits\" \/>\n<meta property=\"article:publisher\" content=\"https:\/\/www.facebook.com\/Pluschkovits\/\" \/>\n<meta property=\"article:modified_time\" content=\"2024-09-17T08:04:07+00:00\" \/>\n<meta property=\"og:image\" content=\"https:\/\/www.pluschkovits.at\/wp-content\/uploads\/2020\/04\/shop_wbg-fuchsenbuehel_1200x1200.png\" \/>\n\t<meta property=\"og:image:width\" content=\"1200\" \/>\n\t<meta property=\"og:image:height\" content=\"1200\" \/>\n\t<meta property=\"og:image:type\" content=\"image\/png\" \/>\n<meta name=\"twitter:card\" content=\"summary_large_image\" \/>\n<meta name=\"twitter:label1\" content=\"Est. reading time\" \/>\n\t<meta name=\"twitter:data1\" content=\"1 minute\" \/>\n<script type=\"application\/ld+json\" class=\"yoast-schema-graph\">{\"@context\":\"https:\/\/schema.org\",\"@graph\":[{\"@type\":\"WebPage\",\"@id\":\"https:\/\/www.pluschkovits.at\/en\/shop\/white-wine\/weissburgunder-ried-fuchsenbuehel\/\",\"url\":\"https:\/\/www.pluschkovits.at\/en\/shop\/white-wine\/weissburgunder-ried-fuchsenbuehel\/\",\"name\":\"Wei\u00dfburgunder Ried Fuchsenb\u00fchel 2022 - Weingut Pluschkovits\",\"isPartOf\":{\"@id\":\"https:\/\/www.pluschkovits.at\/en\/#website\"},\"primaryImageOfPage\":{\"@id\":\"https:\/\/www.pluschkovits.at\/en\/shop\/white-wine\/weissburgunder-ried-fuchsenbuehel\/#primaryimage\"},\"image\":{\"@id\":\"https:\/\/www.pluschkovits.at\/en\/shop\/white-wine\/weissburgunder-ried-fuchsenbuehel\/#primaryimage\"},\"thumbnailUrl\":\"https:\/\/www.pluschkovits.at\/wp-content\/uploads\/2020\/04\/shop_wbg-fuchsenbuehel_1200x1200.png\",\"datePublished\":\"2020-04-26T17:50:56+00:00\",\"dateModified\":\"2024-09-17T08:04:07+00:00\",\"description\":\"Visit the Weingut Pluschkovits online shop now and buy the Wei\u00dfburgunder Ried Fuchsenb\u00fchel 2022 quality wine directly from the winery in Burgenland.\",\"breadcrumb\":{\"@id\":\"https:\/\/www.pluschkovits.at\/en\/shop\/white-wine\/weissburgunder-ried-fuchsenbuehel\/#breadcrumb\"},\"inLanguage\":\"en-US\",\"potentialAction\":[{\"@type\":\"ReadAction\",\"target\":[\"https:\/\/www.pluschkovits.at\/en\/shop\/white-wine\/weissburgunder-ried-fuchsenbuehel\/\"]}]},{\"@type\":\"ImageObject\",\"inLanguage\":\"en-US\",\"@id\":\"https:\/\/www.pluschkovits.at\/en\/shop\/white-wine\/weissburgunder-ried-fuchsenbuehel\/#primaryimage\",\"url\":\"https:\/\/www.pluschkovits.at\/wp-content\/uploads\/2020\/04\/shop_wbg-fuchsenbuehel_1200x1200.png\",\"contentUrl\":\"https:\/\/www.pluschkovits.at\/wp-content\/uploads\/2020\/04\/shop_wbg-fuchsenbuehel_1200x1200.png\",\"width\":1200,\"height\":1200},{\"@type\":\"BreadcrumbList\",\"@id\":\"https:\/\/www.pluschkovits.at\/en\/shop\/white-wine\/weissburgunder-ried-fuchsenbuehel\/#breadcrumb\",\"itemListElement\":[{\"@type\":\"ListItem\",\"position\":1,\"name\":\"Startseite\",\"item\":\"https:\/\/www.pluschkovits.at\/en\/home\/\"},{\"@type\":\"ListItem\",\"position\":2,\"name\":\"Shop\",\"item\":\"https:\/\/www.pluschkovits.at\/en\/shop-2\/\"},{\"@type\":\"ListItem\",\"position\":3,\"name\":\"Wei\u00dfburgunder Ried Fuchsenb\u00fchel 2022\"}]},{\"@type\":\"WebSite\",\"@id\":\"https:\/\/www.pluschkovits.at\/en\/#website\",\"url\":\"https:\/\/www.pluschkovits.at\/en\/\",\"name\":\"Weingut Pluschkovits\",\"description\":\"Leithaprodersdorf - Leithaberg - Burgenland - \u00d6sterreich\",\"publisher\":{\"@id\":\"https:\/\/www.pluschkovits.at\/en\/#organization\"},\"potentialAction\":[{\"@type\":\"SearchAction\",\"target\":{\"@type\":\"EntryPoint\",\"urlTemplate\":\"https:\/\/www.pluschkovits.at\/en\/?s={search_term_string}\"},\"query-input\":{\"@type\":\"PropertyValueSpecification\",\"valueRequired\":true,\"valueName\":\"search_term_string\"}}],\"inLanguage\":\"en-US\"},{\"@type\":\"Organization\",\"@id\":\"https:\/\/www.pluschkovits.at\/en\/#organization\",\"name\":\"Weingut Pluschkovits\",\"url\":\"https:\/\/www.pluschkovits.at\/en\/\",\"logo\":{\"@type\":\"ImageObject\",\"inLanguage\":\"en-US\",\"@id\":\"https:\/\/www.pluschkovits.at\/en\/#\/schema\/logo\/image\/\",\"url\":\"https:\/\/www.pluschkovits.at\/wp-content\/uploads\/2020\/02\/Logo_WGPluschkovits.png\",\"contentUrl\":\"https:\/\/www.pluschkovits.at\/wp-content\/uploads\/2020\/02\/Logo_WGPluschkovits.png\",\"width\":410,\"height\":289,\"caption\":\"Weingut Pluschkovits\"},\"image\":{\"@id\":\"https:\/\/www.pluschkovits.at\/en\/#\/schema\/logo\/image\/\"},\"sameAs\":[\"https:\/\/www.facebook.com\/Pluschkovits\/\",\"https:\/\/www.instagram.com\/weingut_pluschkovits\/\"]}]}<\/script>\n<!-- \/ Yoast SEO plugin. -->","yoast_head_json":{"title":"Wei\u00dfburgunder Ried Fuchsenb\u00fchel 2022 - Weingut Pluschkovits","description":"Visit the Weingut Pluschkovits online shop now and buy the Wei\u00dfburgunder Ried Fuchsenb\u00fchel 2022 quality wine directly from the winery in Burgenland.","robots":{"index":"index","follow":"follow","max-snippet":"max-snippet:-1","max-image-preview":"max-image-preview:large","max-video-preview":"max-video-preview:-1"},"canonical":"https:\/\/www.pluschkovits.at\/en\/shop\/white-wine\/weissburgunder-ried-fuchsenbuehel\/","og_locale":"en_US","og_type":"article","og_title":"Wei\u00dfburgunder Ried Fuchsenb\u00fchel 2022 - Weingut Pluschkovits","og_description":"Visit the Weingut Pluschkovits online shop now and buy the Wei\u00dfburgunder Ried Fuchsenb\u00fchel 2022 quality wine directly from the winery in Burgenland.","og_url":"https:\/\/www.pluschkovits.at\/en\/shop\/white-wine\/weissburgunder-ried-fuchsenbuehel\/","og_site_name":"Weingut Pluschkovits","article_publisher":"https:\/\/www.facebook.com\/Pluschkovits\/","article_modified_time":"2024-09-17T08:04:07+00:00","og_image":[{"width":1200,"height":1200,"url":"https:\/\/www.pluschkovits.at\/wp-content\/uploads\/2020\/04\/shop_wbg-fuchsenbuehel_1200x1200.png","type":"image\/png"}],"twitter_card":"summary_large_image","twitter_misc":{"Est. reading time":"1 minute"},"schema":{"@context":"https:\/\/schema.org","@graph":[{"@type":"WebPage","@id":"https:\/\/www.pluschkovits.at\/en\/shop\/white-wine\/weissburgunder-ried-fuchsenbuehel\/","url":"https:\/\/www.pluschkovits.at\/en\/shop\/white-wine\/weissburgunder-ried-fuchsenbuehel\/","name":"Wei\u00dfburgunder Ried Fuchsenb\u00fchel 2022 - Weingut Pluschkovits","isPartOf":{"@id":"https:\/\/www.pluschkovits.at\/en\/#website"},"primaryImageOfPage":{"@id":"https:\/\/www.pluschkovits.at\/en\/shop\/white-wine\/weissburgunder-ried-fuchsenbuehel\/#primaryimage"},"image":{"@id":"https:\/\/www.pluschkovits.at\/en\/shop\/white-wine\/weissburgunder-ried-fuchsenbuehel\/#primaryimage"},"thumbnailUrl":"https:\/\/www.pluschkovits.at\/wp-content\/uploads\/2020\/04\/shop_wbg-fuchsenbuehel_1200x1200.png","datePublished":"2020-04-26T17:50:56+00:00","dateModified":"2024-09-17T08:04:07+00:00","description":"Visit the Weingut Pluschkovits online shop now and buy the Wei\u00dfburgunder Ried Fuchsenb\u00fchel 2022 quality wine directly from the winery in Burgenland.","breadcrumb":{"@id":"https:\/\/www.pluschkovits.at\/en\/shop\/white-wine\/weissburgunder-ried-fuchsenbuehel\/#breadcrumb"},"inLanguage":"en-US","potentialAction":[{"@type":"ReadAction","target":["https:\/\/www.pluschkovits.at\/en\/shop\/white-wine\/weissburgunder-ried-fuchsenbuehel\/"]}]},{"@type":"ImageObject","inLanguage":"en-US","@id":"https:\/\/www.pluschkovits.at\/en\/shop\/white-wine\/weissburgunder-ried-fuchsenbuehel\/#primaryimage","url":"https:\/\/www.pluschkovits.at\/wp-content\/uploads\/2020\/04\/shop_wbg-fuchsenbuehel_1200x1200.png","contentUrl":"https:\/\/www.pluschkovits.at\/wp-content\/uploads\/2020\/04\/shop_wbg-fuchsenbuehel_1200x1200.png","width":1200,"height":1200},{"@type":"BreadcrumbList","@id":"https:\/\/www.pluschkovits.at\/en\/shop\/white-wine\/weissburgunder-ried-fuchsenbuehel\/#breadcrumb","itemListElement":[{"@type":"ListItem","position":1,"name":"Startseite","item":"https:\/\/www.pluschkovits.at\/en\/home\/"},{"@type":"ListItem","position":2,"name":"Shop","item":"https:\/\/www.pluschkovits.at\/en\/shop-2\/"},{"@type":"ListItem","position":3,"name":"Wei\u00dfburgunder Ried Fuchsenb\u00fchel 2022"}]},{"@type":"WebSite","@id":"https:\/\/www.pluschkovits.at\/en\/#website","url":"https:\/\/www.pluschkovits.at\/en\/","name":"Weingut Pluschkovits","description":"Leithaprodersdorf - Leithaberg - Burgenland - \u00d6sterreich","publisher":{"@id":"https:\/\/www.pluschkovits.at\/en\/#organization"},"potentialAction":[{"@type":"SearchAction","target":{"@type":"EntryPoint","urlTemplate":"https:\/\/www.pluschkovits.at\/en\/?s={search_term_string}"},"query-input":{"@type":"PropertyValueSpecification","valueRequired":true,"valueName":"search_term_string"}}],"inLanguage":"en-US"},{"@type":"Organization","@id":"https:\/\/www.pluschkovits.at\/en\/#organization","name":"Weingut Pluschkovits","url":"https:\/\/www.pluschkovits.at\/en\/","logo":{"@type":"ImageObject","inLanguage":"en-US","@id":"https:\/\/www.pluschkovits.at\/en\/#\/schema\/logo\/image\/","url":"https:\/\/www.pluschkovits.at\/wp-content\/uploads\/2020\/02\/Logo_WGPluschkovits.png","contentUrl":"https:\/\/www.pluschkovits.at\/wp-content\/uploads\/2020\/02\/Logo_WGPluschkovits.png","width":410,"height":289,"caption":"Weingut Pluschkovits"},"image":{"@id":"https:\/\/www.pluschkovits.at\/en\/#\/schema\/logo\/image\/"},"sameAs":["https:\/\/www.facebook.com\/Pluschkovits\/","https:\/\/www.instagram.com\/weingut_pluschkovits\/"]}]}},"_links":{"self":[{"href":"https:\/\/www.pluschkovits.at\/en\/wp-json\/wp\/v2\/product\/5331","targetHints":{"allow":["GET"]}}],"collection":[{"href":"https:\/\/www.pluschkovits.at\/en\/wp-json\/wp\/v2\/product"}],"about":[{"href":"https:\/\/www.pluschkovits.at\/en\/wp-json\/wp\/v2\/types\/product"}],"replies":[{"embeddable":true,"href":"https:\/\/www.pluschkovits.at\/en\/wp-json\/wp\/v2\/comments?post=5331"}],"wp:featuredmedia":[{"embeddable":true,"href":"https:\/\/www.pluschkovits.at\/en\/wp-json\/wp\/v2\/media\/5169"}],"wp:attachment":[{"href":"https:\/\/www.pluschkovits.at\/en\/wp-json\/wp\/v2\/media?parent=5331"}],"wp:term":[{"taxonomy":"product_brand","embeddable":true,"href":"https:\/\/www.pluschkovits.at\/en\/wp-json\/wp\/v2\/product_brand?post=5331"},{"taxonomy":"product_cat","embeddable":true,"href":"https:\/\/www.pluschkovits.at\/en\/wp-json\/wp\/v2\/product_cat?post=5331"},{"taxonomy":"product_tag","embeddable":true,"href":"https:\/\/www.pluschkovits.at\/en\/wp-json\/wp\/v2\/product_tag?post=5331"}],"curies":[{"name":"wp","href":"https:\/\/api.w.org\/{rel}","templated":true}]}}